{"id":2,"date":"2020-06-06T19:36:59","date_gmt":"2020-06-06T17:36:59","guid":{"rendered":"http:\/\/cc4.de\/kunsthandel\/?page_id=2"},"modified":"2023-08-21T08:57:04","modified_gmt":"2023-08-21T06:57:04","slug":"c4-kunsthandel-ueber-uns","status":"publish","type":"page","link":"https:\/\/cc4.de\/kunsthandel\/c4-kunsthandel-ueber-uns\/","title":{"rendered":"\u00dcber uns"},"content":{"rendered":"\n<blockquote class=\"wp-block-quote is-layout-flow wp-block-quote-is-layout-flow\">\n<p>Berlin, Deutschland, Schweiz, Europa.<\/p>\n<\/blockquote>\n\n\n\n<p class=\"has-normal-font-size\">Au\u00dferhalb der konventionellen Kunstszene pr\u00e4sentiert C4 auf einer professionellen Ebene herausragende K\u00fcnstler, die seit Jahren in Berlin leben, arbeiten oder produzieren. Jede Art der Kooperation hat als Ziel, den K\u00fcnstlern die Pr\u00e4senz auf internationaler B\u00fchne zu erm\u00f6glichen. In diesem Sinne gibt es die Finest Art Assistenz seit 1997, den dazugeh\u00f6rigen Kunsthandel seit 2020. <\/p>\n\n\n\n<blockquote class=\"wp-block-quote is-layout-flow wp-block-quote-is-layout-flow\">\n<p>Gerne empfehlen wir Sammlungsans\u00e4tze oder &#8211; erweiterungen.<\/p>\n<\/blockquote>\n\n\n\n<ul class=\"has-normal-font-size wp-block-list\">\n<li><strong>Kunst aus Berlin<\/strong>  Wir vermitteln Kunst und &#8222;Kunstliaisons&#8220; aus Berlin, die seit dem Mauerfall 1989\/1990 in der Stadt gewachsen sind. Es handelt sich mittlerweile dabei [meist] ausschlie\u00dflich um erwachsene Kunst.<br><\/li>\n\n\n\n<li><strong>Klassische Moderne<\/strong>  Wir verf\u00fcgen f\u00fcr den Erwerb ausgezeichneter Kunst aus der Klassischen Moderne \u00fcber ein kleines, aber feines Netz an K\u00e4ufern. <br><\/li>\n\n\n\n<li><strong>Galerien<\/strong>  Wir haben deutschlandweit ungef\u00e4hr zehn Lieblingsgalerien und sind von deren jeweiligen Programmen \u00fcberzeugt.<br><\/li>\n\n\n\n<li><strong>Messen<\/strong>  Wir gehen auf Kunstmessen und vermitteln f\u00fcr Sie bei Bedarf die besten und topaktuellen Kunstwerke.<\/li>\n<\/ul>\n\n\n\n<p class=\"has-normal-font-size\">C4 can be thought of as a label, an art label. It is an independent, non-site exclusive initiative. Our goal is to give these artists a presence on the international stage. In this sense the Finest Art Assistance has existed since 1997, the associated art trade since 2020.<\/p>\n\n\n\n<blockquote class=\"wp-block-quote is-layout-flow wp-block-quote-is-layout-flow\">\n<p>We gladly recommend collection approaches or extensions for your collection.<\/p>\n<\/blockquote>\n\n\n\n<figure class=\"wp-block-image size-large is-resized\"><img loading=\"lazy\" decoding=\"async\" src=\"https:\/\/cc4.de\/kunsthandel\/images\/2020\/07\/Kerstin-und-Ilia-005.jpg\" alt=\"\" class=\"wp-image-603\" style=\"width:336px;height:205px\" width=\"336\" height=\"205\" srcset=\"https:\/\/cc4.de\/kunsthandel\/images\/2020\/07\/Kerstin-und-Ilia-005.jpg 448w, https:\/\/cc4.de\/kunsthandel\/images\/2020\/07\/Kerstin-und-Ilia-005-300x183.jpg 300w, https:\/\/cc4.de\/kunsthandel\/images\/2020\/07\/Kerstin-und-Ilia-005-98x60.jpg 98w\" sizes=\"auto, (max-width: 336px) 100vw, 336px\" \/><figcaption class=\"wp-element-caption\">Kerstin Jasinszczak und Ilia Castellanos, Berlin, 2017. Foto \u00a9 Fotografin der Tip, 15.04.2017 um 15:40 Uhr. <\/figcaption><\/figure>\n\n\n\n<p><strong>Ilia Castellanos<\/strong>  In K\u00f6ln geboren | am Bodensee aufgewachsen | 10 Jahre Su\u0308damerika [Uruguay und Bolivien] | Studium an der Sporthochschule und an der Kunsthochschule Bellas Artes in Montevideo\/ Uruguay | lebt und arbeitet seit 1990 als Kurator und Kunsth\u00e4ndler in Berlin<\/p>\n\n\n\n<p><strong>Kerstin Jasinszczak<\/strong>  In Brandenburg an der Havel geboren und aufgewachsen | Studium der Zahnmedizin an der Humboldt-Universit\u00e4t zu Berlin | Studium der Zahntechnik in Halle | Pressefotografin | lebt und arbeitet seit 2007 als Dokumentarfotografin in Berlin<\/p>\n\n\n\n<blockquote class=\"wp-block-quote is-layout-flow wp-block-quote-is-layout-flow\">\n<p>Tambi\u00e9n hablamos espa\u00f1ol.<\/p>\n<\/blockquote>\n\n\n\n<figure class=\"wp-block-image size-large is-resized\"><img loading=\"lazy\" decoding=\"async\" src=\"https:\/\/cc4.de\/kunsthandel\/images\/2020\/07\/Kerstin-und-Ilia-2020-web.jpg\" alt=\"\" class=\"wp-image-606\" style=\"width:256px;height:340px\" width=\"256\" height=\"340\" srcset=\"https:\/\/cc4.de\/kunsthandel\/images\/2020\/07\/Kerstin-und-Ilia-2020-web.jpg 256w, https:\/\/cc4.de\/kunsthandel\/images\/2020\/07\/Kerstin-und-Ilia-2020-web-226x300.jpg 226w, https:\/\/cc4.de\/kunsthandel\/images\/2020\/07\/Kerstin-und-Ilia-2020-web-45x60.jpg 45w\" sizes=\"auto, (max-width: 256px) 100vw, 256px\" \/><figcaption class=\"wp-element-caption\">Kerstin Jasinszczak und Ilia Castellanos, Hamburg, 2020. Foto \u00a9 Joasia Biela, Hamburg.<\/figcaption><\/figure>\n","protected":false},"excerpt":{"rendered":"<p>Ilia Castellanos und Kerstin Jasinszczak, Berlin.<\/p>\n","protected":false},"author":1,"featured_media":0,"parent":0,"menu_order":0,"comment_status":"closed","ping_status":"closed","template":"","meta":{"footnotes":""},"class_list":["post-2","page","type-page","status-publish","hentry"],"_links":{"self":[{"href":"https:\/\/cc4.de\/kunsthandel\/wp-json\/wp\/v2\/pages\/2","targetHints":{"allow":["GET"]}}],"collection":[{"href":"https:\/\/cc4.de\/kunsthandel\/wp-json\/wp\/v2\/pages"}],"about":[{"href":"https:\/\/cc4.de\/kunsthandel\/wp-json\/wp\/v2\/types\/page"}],"author":[{"embeddable":true,"href":"https:\/\/cc4.de\/kunsthandel\/wp-json\/wp\/v2\/users\/1"}],"replies":[{"embeddable":true,"href":"https:\/\/cc4.de\/kunsthandel\/wp-json\/wp\/v2\/comments?post=2"}],"version-history":[{"count":5,"href":"https:\/\/cc4.de\/kunsthandel\/wp-json\/wp\/v2\/pages\/2\/revisions"}],"predecessor-version":[{"id":988,"href":"https:\/\/cc4.de\/kunsthandel\/wp-json\/wp\/v2\/pages\/2\/revisions\/988"}],"wp:attachment":[{"href":"https:\/\/cc4.de\/kunsthandel\/wp-json\/wp\/v2\/media?parent=2"}],"curies":[{"name":"wp","href":"https:\/\/api.w.org\/{rel}","templated":true}]}}