{"id":3,"date":"2020-06-06T19:36:59","date_gmt":"2020-06-06T17:36:59","guid":{"rendered":"http:\/\/cc4.de\/kunsthandel\/?page_id=3"},"modified":"2020-06-29T14:33:33","modified_gmt":"2020-06-29T12:33:33","slug":"datenschutzerklaerung","status":"publish","type":"page","link":"https:\/\/cc4.de\/kunsthandel\/datenschutzerklaerung\/","title":{"rendered":"Datenschutzerkl\u00e4rung"},"content":{"rendered":"\n<h3 class=\"wp-block-heading\">Wer wir sind<\/h3>\n\n\n\n<p>Die Adresse unserer Website ist: http:\/\/cc4.de\/kunsthandel.<\/p>\n\n\n\n<h3 class=\"wp-block-heading\">Welche personenbezogenen Daten wir sammeln bzw. wir nicht sammeln<\/h3>\n\n\n\n<h3 class=\"wp-block-heading\">Kommentare<\/h3>\n\n\n\n<p>Wir sammeln keine Kommentare.<\/p>\n\n\n\n<h3 class=\"wp-block-heading\">Medien<\/h3>\n\n\n\n<p>Wenn Sie uns als K\u00fcnstler oder K\u00e4ufer ein Fotos f\u00fcr diese Webseite zur Verf\u00fcgung stellen, dann sollten Sie vermeiden, Fotos mit einem EXIF-GPS-Standort hochzuladen. Diese Standortinformationen k\u00f6nnten, im Falle eines Herunterunterladens des Fotos durch Dritte, gelesen werden.<\/p>\n\n\n\n<h3 class=\"wp-block-heading\">Kontaktformulare<\/h3>\n\n\n\n<p>Wir benutzen keine Kontaktformulare.<\/p>\n\n\n\n<h3 class=\"wp-block-heading\">Cookies<\/h3>\n\n\n\n<p>Wir setzen keine Cookies f\u00fcr Besucher.<\/p>\n\n\n\n<h3 class=\"wp-block-heading\">Eingebettete Inhalte von anderen Websites<\/h3>\n\n\n\n<p>Wir werden es vermeiden, eingebettet Inhalte von anderen Webseiten zu nutzen.<\/p>\n\n\n\n<h3 class=\"wp-block-heading\">Analysedienste<\/h3>\n\n\n\n<p>Analysedienste sind auf dieser Seite nicht integriert.<\/p>\n\n\n\n<h3 class=\"wp-block-heading\">Mit wem wir Ihre Daten teilen<\/h3>\n\n\n\n<p>Ihre Daten, sollten wir welche erhalten, werden nicht mit weiteren Diensten o.\u00e4. geteilt.<\/p>\n\n\n\n<p><strong>Zugriffsdaten\/ Server-Logfiles:<\/strong> Unser Webspace-Provider erhebt wie alle Provider Daten \u00fcber jeden Zugriff auf dieses Angebot (so genannte Serverlogfiles). <\/p>\n\n\n\n<p>Beim Aufrufen unserer Website werden durch den auf Ihrem Endger\u00e4t zum Einsatz kommenden Browser automatisch Informationen an den Server unserer Website gesendet. Diese Informationen werden tempor\u00e4r in einem sog. Logfile gespeichert. Die oben genannten Informationen werden dabei ohne Ihr Zutun erfasst und bis zur automatisierten L\u00f6schung gespeichert.<\/p>\n\n\n\n<p>Zu den Zugriffsdaten geh\u00f6ren: Name der abgerufenen Webseite, Datei, Datum und Uhrzeit des Abrufs, \u00fcbertragene Datenmenge, Meldung \u00fcber erfolgreichen Abruf, Browsertyp nebst Version, das Betriebssystem des Nutzers, Referrer URL (die zuvor besuchte Seite), IP-Adresse und der anfragende Provider.<\/p>\n\n\n\n<p>Der Provider verwendet die Protokolldaten nur f\u00fcr statistische Auswertungen zum Zweck des Betriebs und der Sicherheit. Wir behalten uns jedoch vor, die Protokolldaten nachtr\u00e4glich zu \u00fcberpr\u00fcfen, wenn aufgrund konkreter Anhaltspunkte der berechtigte Verdacht einer rechtswidrigen Nutzung besteht.<\/p>\n\n\n\n<p><\/p>\n\n\n\n<h3 class=\"wp-block-heading\">Wie lange wir Ihre Daten speichern<\/h3>\n\n\n\n<p>Ihre Daten, sollten wir welche erhalten, werden nicht gespeichert.<\/p>\n\n\n\n<h3 class=\"wp-block-heading\">Welche Rechte Sie an Ihren  Daten haben<\/h3>\n\n\n\n<p>Wir stehen daf\u00fcr ein, dass Sie alle Rechte an Ihren Daten haben.<\/p>\n\n\n\n<h3 class=\"wp-block-heading\">Wohin wir Ihre Daten senden<\/h3>\n\n\n\n<p>Keine Kontaktformulare und keine Besucher-Kommentare ergeben: keine automatisierte Dienste zur Spam-Erkennung oder Weiterleitung an Dritte. <\/p>\n\n\n\n<h3 class=\"wp-block-heading\">Weitere Informationen<\/h3>\n\n\n\n<p>Wir nehmen den Schutz Ihrer pers\u00f6nlichen Daten sehr ernst. Wir behandeln Ihre personenbezogenen Daten vertraulich entsprechend der gesetzlichen Datenschutzvorschriften sowie dieser Datenschutzerkl\u00e4rung. Die Nutzung unserer Website ist ohne Angabe personenbezogener Daten m\u00f6glich. Wir weisen trotzdem darauf hin, dass die Daten\u00fcbertragung im Internet (z.B. bei der Kommunikation per E-Mail) Sicherheitsl\u00fccken aufweisen kann. Ein l\u00fcckenloser Schutz der Daten vor dem Zugriff durch Dritte ist nicht m\u00f6glich.<\/p>\n\n\n\n<h3 class=\"wp-block-heading\">Wie wir Ihre Daten sch\u00fctzen<\/h3>\n\n\n\n<p>Wir halten uns an das Gebot der Datensparsamkeit. Keine Formulare, keine Kommentare, kein Einbetten von Inhalten von anderen Webseiten dienen auch dazu, keine Daten anfallen zu lassen und Ihre Daten auf maximal zu sch\u00fctzen.<\/p>\n\n\n\n<h3 class=\"wp-block-heading\">Welche Ma\u00dfnahmen wir bei Datenschutzverletzungen anbieten<\/h3>\n\n\n\n<p>In diesem Fall bitten wir Sie sofort zu uns Kontakt aufzunehmen.<\/p>\n\n\n\n<h3 class=\"wp-block-heading\">Von welchen Drittanbietern wir Daten erhalten<\/h3>\n\n\n\n<p>Keine.<\/p>\n\n\n\n<h3 class=\"wp-block-heading\">Welche automatisierte Entscheidungsfindung und\/oder Profilerstellung wir mit Benutzerdaten durchf\u00fchren<\/h3>\n\n\n\n<p>Keine.<\/p>\n\n\n\n<h3 class=\"wp-block-heading\">Vorausgesetzte Offenlegungspflichten der Industrie<\/h3>\n\n\n\n<p>Hintergrundinformationen: eRecht24<\/p>\n\n\n\n<p>Quelle: DSGVO<br><br>https:\/\/dsgvo-gesetz.de\/<\/p>\n","protected":false},"excerpt":{"rendered":"<p>Wer wir sind Die Adresse unserer Website ist: http:\/\/cc4.de\/kunsthandel. Welche personenbezogenen Daten wir sammeln bzw. wir nicht sammeln Kommentare Wir sammeln keine Kommentare. Medien Wenn Sie uns als K\u00fcnstler oder K\u00e4ufer ein Fotos f\u00fcr diese Webseite zur Verf\u00fcgung stellen, dann &hellip; <\/p>\n","protected":false},"author":1,"featured_media":0,"parent":0,"menu_order":0,"comment_status":"closed","ping_status":"closed","template":"","meta":{"footnotes":""},"class_list":["post-3","page","type-page","status-publish","hentry"],"_links":{"self":[{"href":"https:\/\/cc4.de\/kunsthandel\/wp-json\/wp\/v2\/pages\/3","targetHints":{"allow":["GET"]}}],"collection":[{"href":"https:\/\/cc4.de\/kunsthandel\/wp-json\/wp\/v2\/pages"}],"about":[{"href":"https:\/\/cc4.de\/kunsthandel\/wp-json\/wp\/v2\/types\/page"}],"author":[{"embeddable":true,"href":"https:\/\/cc4.de\/kunsthandel\/wp-json\/wp\/v2\/users\/1"}],"replies":[{"embeddable":true,"href":"https:\/\/cc4.de\/kunsthandel\/wp-json\/wp\/v2\/comments?post=3"}],"version-history":[{"count":4,"href":"https:\/\/cc4.de\/kunsthandel\/wp-json\/wp\/v2\/pages\/3\/revisions"}],"predecessor-version":[{"id":545,"href":"https:\/\/cc4.de\/kunsthandel\/wp-json\/wp\/v2\/pages\/3\/revisions\/545"}],"wp:attachment":[{"href":"https:\/\/cc4.de\/kunsthandel\/wp-json\/wp\/v2\/media?parent=3"}],"curies":[{"name":"wp","href":"https:\/\/api.w.org\/{rel}","templated":true}]}}