{"id":562,"date":"2020-07-07T11:31:37","date_gmt":"2020-07-07T09:31:37","guid":{"rendered":"https:\/\/cc4.de\/kunsthandel\/?page_id=562"},"modified":"2025-03-30T18:05:55","modified_gmt":"2025-03-30T16:05:55","slug":"klassische-moderne","status":"publish","type":"page","link":"https:\/\/cc4.de\/kunsthandel\/klassische-moderne\/","title":{"rendered":"Klassische Moderne"},"content":{"rendered":"\n<h2 class=\"wp-block-heading\">Max Ernst<\/h2>\n\n\n\n<figure class=\"wp-block-image size-full\"><img loading=\"lazy\" decoding=\"async\" width=\"850\" height=\"638\" src=\"https:\/\/cc4.de\/kunsthandel\/images\/2023\/11\/Max-Ernst-IMG_5743-web.jpg\" alt=\"\" class=\"wp-image-1019\" srcset=\"https:\/\/cc4.de\/kunsthandel\/images\/2023\/11\/Max-Ernst-IMG_5743-web.jpg 850w, https:\/\/cc4.de\/kunsthandel\/images\/2023\/11\/Max-Ernst-IMG_5743-web-300x225.jpg 300w, https:\/\/cc4.de\/kunsthandel\/images\/2023\/11\/Max-Ernst-IMG_5743-web-768x576.jpg 768w, https:\/\/cc4.de\/kunsthandel\/images\/2023\/11\/Max-Ernst-IMG_5743-web-80x60.jpg 80w\" sizes=\"auto, (max-width: 850px) 100vw, 850px\" \/><\/figure>\n\n\n\n<p><strong>Max Ernst<\/strong> (1891 &#8211; 1976) ist ein bedeutender Maler, Grafiker und Bildhauer deutscher Herkunft, dem 1948 die amerikanische und 1958 die franz\u00f6sische Staatsb\u00fcrgerschaft verliehen wurde.<br><br><a href=\"https:\/\/maxernstmuseum.lvr.de\/de\/max_ernst\/biografie\/biografie_1.html\">Ausf\u00fchrliche Biographie von Max Ernst<\/a><\/p>\n\n\n\n<p><strong>Titel:<\/strong>  Nieces<br><strong>Technik:<\/strong>  Farblithografie<br><strong>Gr\u00f6\u00dfe:<\/strong>  45,7 x 45,7 cm<br><strong>Entstanden:<\/strong>  1966<br><strong>Auflage<\/strong>:  26\/51<br><strong>Details 01:<\/strong>  Rechts unten &#8211; signiert<br><strong>Provenienz:<\/strong>  Sammlung Schmit<\/p>\n\n\n\n<p><strong>Preis<\/strong>: 2.000,00 Euro (inkl. 19% MwSt.)<\/p>\n\n\n\n<p class=\"has-vivid-red-color has-text-color has-link-color wp-elements-f659e3f3696ac34ee4d9ee1189ece5f7\"><strong>SOLD<\/strong><\/p>\n\n\n\n<p>Dieses Bild geh\u00f6rt der Gegenwartskunst an. Bilder der Klassischen Moderne wie Erich Heckel und Otto M\u00fcller bitte auf Anfrage oder siehe weiter unten.<\/p>\n\n\n\n<h2 class=\"wp-block-heading\">Pablo Picasso<\/h2>\n\n\n\n<figure class=\"wp-block-image size-large\"><img loading=\"lazy\" decoding=\"async\" width=\"772\" height=\"1024\" src=\"https:\/\/cc4.de\/kunsthandel\/images\/2023\/11\/Pablo-Picasso-4013-web-1-772x1024.jpg\" alt=\"\" class=\"wp-image-1021\" srcset=\"https:\/\/cc4.de\/kunsthandel\/images\/2023\/11\/Pablo-Picasso-4013-web-1-772x1024.jpg 772w, https:\/\/cc4.de\/kunsthandel\/images\/2023\/11\/Pablo-Picasso-4013-web-1-226x300.jpg 226w, https:\/\/cc4.de\/kunsthandel\/images\/2023\/11\/Pablo-Picasso-4013-web-1-768x1018.jpg 768w, https:\/\/cc4.de\/kunsthandel\/images\/2023\/11\/Pablo-Picasso-4013-web-1-45x60.jpg 45w, https:\/\/cc4.de\/kunsthandel\/images\/2023\/11\/Pablo-Picasso-4013-web-1.jpg 850w\" sizes=\"auto, (max-width: 772px) 100vw, 772px\" \/><\/figure>\n\n\n\n<figure class=\"wp-block-image size-full\"><img loading=\"lazy\" decoding=\"async\" width=\"850\" height=\"570\" src=\"https:\/\/cc4.de\/kunsthandel\/images\/2023\/11\/Pablo-Picasso-4015-web.jpg\" alt=\"\" class=\"wp-image-1022\" srcset=\"https:\/\/cc4.de\/kunsthandel\/images\/2023\/11\/Pablo-Picasso-4015-web.jpg 850w, https:\/\/cc4.de\/kunsthandel\/images\/2023\/11\/Pablo-Picasso-4015-web-300x201.jpg 300w, https:\/\/cc4.de\/kunsthandel\/images\/2023\/11\/Pablo-Picasso-4015-web-768x515.jpg 768w, https:\/\/cc4.de\/kunsthandel\/images\/2023\/11\/Pablo-Picasso-4015-web-89x60.jpg 89w\" sizes=\"auto, (max-width: 850px) 100vw, 850px\" \/><\/figure>\n\n\n\n<figure class=\"wp-block-image size-full\"><img loading=\"lazy\" decoding=\"async\" width=\"850\" height=\"638\" src=\"https:\/\/cc4.de\/kunsthandel\/images\/2023\/11\/Pablo-Picasso-4016-web.jpg\" alt=\"\" class=\"wp-image-1023\" srcset=\"https:\/\/cc4.de\/kunsthandel\/images\/2023\/11\/Pablo-Picasso-4016-web.jpg 850w, https:\/\/cc4.de\/kunsthandel\/images\/2023\/11\/Pablo-Picasso-4016-web-300x225.jpg 300w, https:\/\/cc4.de\/kunsthandel\/images\/2023\/11\/Pablo-Picasso-4016-web-768x576.jpg 768w, https:\/\/cc4.de\/kunsthandel\/images\/2023\/11\/Pablo-Picasso-4016-web-80x60.jpg 80w\" sizes=\"auto, (max-width: 850px) 100vw, 850px\" \/><\/figure>\n\n\n\n<p><strong>Pablo Ruiz Picasso<\/strong> (1881 &#8211; 1973) ist ein spanischer Maler, Grafiker und Bildhauer. Sein umfangreiches Gesamtwerk umfasst Gem\u00e4lde, Zeichnungen, Grafiken, Collagen, Plastiken und Keramiken, deren Gesamtzahl auf 50.000 gesch\u00e4tzt wird. Er gilt als der Jahrhundertmaler.<br><br><a href=\"https:\/\/www.dw.com\/de\/picasso-zehn-fakten-%C3%BCber-die-kunst-und-das-leben-des-ber%C3%BChmten-malers\/a-47887310\">10 Fakten \u00fcber Picassos Kunst und Leben<\/a><br>Quelle: Deutsche Welle<\/p>\n\n\n\n<p><strong>Titel:<\/strong>  Clown und Harlekin<br><strong>Technik:<\/strong>  Farblithografie<br><strong>Gr\u00f6\u00dfe:<\/strong>  57,5 x 44,5 cm<br><strong>Entstanden:<\/strong>  1970<br><strong>Auflage<\/strong>:  H.C.<br><strong>Details 01:<\/strong>  Links oben &#8211; signiert im Stein<br><strong>Provenienz:<\/strong>  Sammlung Schmit<\/p>\n\n\n\n<p><strong>Preis<\/strong>: Auf Anfrage<\/p>\n\n\n\n<p>Dieses Bild geh\u00f6rt der Gegenwartskunst an.<\/p>\n\n\n\n<h2 class=\"wp-block-heading\">Erich Heckel<\/h2>\n\n\n\n<figure class=\"wp-block-image size-large\"><img loading=\"lazy\" decoding=\"async\" width=\"518\" height=\"709\" src=\"https:\/\/cc4.de\/kunsthandel\/images\/2020\/07\/Badende-Knaben-am-Strand-1930-web.jpg\" alt=\"\" class=\"wp-image-566\" srcset=\"https:\/\/cc4.de\/kunsthandel\/images\/2020\/07\/Badende-Knaben-am-Strand-1930-web.jpg 518w, https:\/\/cc4.de\/kunsthandel\/images\/2020\/07\/Badende-Knaben-am-Strand-1930-web-219x300.jpg 219w, https:\/\/cc4.de\/kunsthandel\/images\/2020\/07\/Badende-Knaben-am-Strand-1930-web-44x60.jpg 44w\" sizes=\"auto, (max-width: 518px) 100vw, 518px\" \/><figcaption class=\"wp-element-caption\">&#8222;Badende Knaben am Strand&#8220;, 1930.<\/figcaption><\/figure>\n\n\n\n<p class=\"has-medium-font-size\"><strong>Titel:<\/strong>  Badende Knaben am Strand<br><strong>Technik:<\/strong>  Tempera, Gouache, Aquarell auf Karton<br><strong>Gr\u00f6\u00dfe:<\/strong>  67 x 49 cm<br><strong>Entstanden:<\/strong>  1930<br><strong>Details 01:<\/strong>  Rechts unten &#8211; signiert, datiert, betitelt<br><strong>Details 02:<\/strong>  Hervorragender Rahmen<br><strong>Details 03:<\/strong>  Das Werk ist in perfektem Zustand<br><strong>Details 04:<\/strong>  1883 geb in D\u00f6beln &#8211; 1970 gest in Radolfzell<br><strong>Ausgestellt:<\/strong>  Ku\u0308hl Dresden<br>Galerie Hanna Bekker vom Raht<br><strong>Publikationen:<\/strong>  Im Heckel Archiv dokumentiert<br><strong>Provenienz:<\/strong>  Ruth Farivar Mulisch und Marco Zambon,<br>Galerie von Abercron, M\u00fcnchen<br>Hegau Bodensee Galerie, Singen am Hohentwiel<\/p>\n\n\n\n<div class=\"wp-block-buttons is-layout-flex wp-block-buttons-is-layout-flex\">\n<div class=\"wp-block-button\"><a class=\"wp-block-button__link has-pale-cyan-blue-color has-vivid-cyan-blue-background-color has-text-color has-background wp-element-button\" href=\"mailto:mail@cc4.de\" target=\"_blank\" rel=\"noreferrer noopener\">Anfrage | Inquiry | Solicitud<\/a><\/div>\n<\/div>\n\n\n\n<h2 class=\"wp-block-heading\"><br>Erich Heckel<\/h2>\n\n\n\n<figure class=\"wp-block-image size-large\"><img loading=\"lazy\" decoding=\"async\" width=\"709\" height=\"556\" src=\"https:\/\/cc4.de\/kunsthandel\/images\/2020\/07\/Ha\u0308usergruppe-1909-web.jpg\" alt=\"\" class=\"wp-image-567\" srcset=\"https:\/\/cc4.de\/kunsthandel\/images\/2020\/07\/Ha\u0308usergruppe-1909-web.jpg 709w, https:\/\/cc4.de\/kunsthandel\/images\/2020\/07\/Ha\u0308usergruppe-1909-web-300x235.jpg 300w, https:\/\/cc4.de\/kunsthandel\/images\/2020\/07\/Ha\u0308usergruppe-1909-web-77x60.jpg 77w\" sizes=\"auto, (max-width: 709px) 100vw, 709px\" \/><figcaption class=\"wp-element-caption\">&#8222;H\u00e4usergruppe&#8220;, 1909.<\/figcaption><\/figure>\n\n\n\n<p class=\"has-medium-font-size\"><strong>Titel<\/strong>:  H\u00e4usergruppe<br><strong>Technik:<\/strong>  Tusche und Rohrfederzeichnung auf Papier<br><strong>Gr\u00f6\u00dfe<\/strong>:  36,6 x 44,8 cm<br><strong>Entstanden:<\/strong>  1909<br><strong>Details 01<\/strong>:  Papier am rechten Rand besch\u00e4digt &#8211;<br>schr\u00e4g abgeschnitten<br><strong>Details 02<\/strong>:  Rechts unten &#8211; signiert, datiert und betitelt<br><strong>Ausgestellt<\/strong>:  Galerie Nierdendorf, Berlin<br><strong>Provenienz<\/strong>:  Galerie Nierendorf, Berlin,<br>Hegau Bodensee Galerie, Singen am Hohentwiel<\/p>\n\n\n\n<div class=\"wp-block-buttons is-layout-flex wp-block-buttons-is-layout-flex\">\n<div class=\"wp-block-button\"><a class=\"wp-block-button__link has-pale-cyan-blue-color has-vivid-cyan-blue-background-color has-text-color has-background wp-element-button\" href=\"mailto:mail@cc4.de\" target=\"_blank\" rel=\"noreferrer noopener\">Anfrage | Inquiry | Solicitud<\/a><\/div>\n<\/div>\n\n\n\n<p class=\"has-medium-font-size\"><br><strong>Curriculum Vitae<\/strong><\/p>\n\n\n\n<p class=\"has-normal-font-size\">Erich Heckel, Sohn eines Eisenbahnbauingenieurs, begann seine Laufbahn mit einem Architekturstudium in Dresden. Er ist Gr\u00fcndungsmitglied der legend\u00e4ren K\u00fcnstlergruppe \u201eDie Br\u00fccke\u201c mit Ernst Ludwig Kirchner, Karl Schmidt-Rottluff und Fritz Bleyl. Von 1949 bis 1955 war Erich Heckel Professur f\u00fcr Malerei an der Kunstakademie Karlsruhe.<\/p>\n\n\n\n<ul class=\"wp-block-list\">\n<li>1883 Am 31. Juli in D\u00f6beln\/Sachsen geboren.<\/li>\n\n\n\n<li>1890 Schulbesuch in Dresden, Chemnitz und Freiberg.<\/li>\n\n\n\n<li>1891 Freundschaft mit Karl Schmidt-Rottluff.<\/li>\n\n\n\n<li>1904 Umzug nach Dresden und Gr\u00fcndung der legend\u00e4ren K\u00fcnstlergruppe \u201eDie Br\u00fccke\u201c mit Ernst Ludwig Kirchner, Karl Schmidt-Rottluff und Fritz Bleyl.<\/li>\n\n\n\n<li>1905 Rund 75 Wanderausstellungen organisierte Heckel bis 1913.<\/li>\n\n\n\n<li>1907 Arbeitsaufenthalten in Dangast.<\/li>\n\n\n\n<li>1909 L\u00e4ngere Reise durch Italien und erstmals an den Moritzburger Seen.<\/li>\n\n\n\n<li>1911 Umzug nach Berlin und Freundschaft mit Otto M\u00fcller.<\/li>\n\n\n\n<li>1912 Teilnahme an der ber\u00fchmten Sonderbund-Ausstellung in K\u00f6ln und Freundschaft mit dem Kunsthistoriker Walter Kaesbach.<\/li>\n\n\n\n<li>1913 Aufl\u00f6sung der \u201eDie Br\u00fccke\u201c und erste Einzelausstellung bei Fritz Gurlitt in Berlin.<\/li>\n\n\n\n<li>1913 Das kleine Dorf Osterholz [Flensburger F\u00f6rde] wird bis 1943 mit seiner Steilk\u00fcste Gegenstand seiner Landschaftsmalerei.<\/li>\n\n\n\n<li>1914 Freiwillig zum Milit\u00e4r und als Sanit\u00e4tssoldat unter der Verwaltung Walter Kaesbach in Flandern stationiert.<\/li>\n\n\n\n<li>1915 Heirat mit der T\u00e4nzerin Siddi Heckel geb. Riha.<\/li>\n\n\n\n<li>1920 Zum ersten Mal am Bodensee.<\/li>\n\n\n\n<li>1930 Tod von Otto Mueller, zusammen mit Schmidt-Rottluff wird der Nachlass geordnet.<\/li>\n\n\n\n<li>1935 Zum ersten Mal in Hemmenhofen bei Walter Kaesbach.<\/li>\n\n\n\n<li>1937 Ausstellungsverbot und Einstufung als \u201eEntartetet Kunst\u201c.<\/li>\n\n\n\n<li>1944 Zerst\u00f6rung seines Atelier durch den II. Weltkrieg und Umzug nach Hemmenhofen.<\/li>\n\n\n\n<li>1949 Professur f\u00fcr Malerei an der Kunstakademie Karlsruhe, bis 1955.<\/li>\n\n\n\n<li>1953 Einzelausstellungen anl\u00e4sslich seines 70. Geburtstages in Berlin, Essen, Hannover, Karlsruhe, M\u00fcnster.<\/li>\n\n\n\n<li>1956 Erhalt des gro\u00dfer Verdienstkreuzes der Bundesrepublik Deutschland.<\/li>\n\n\n\n<li>1963 Einzelausstellungen anl\u00e4sslich seines 80. Geburtstages in Berlin, Essen, Hamburg, Karlsruhe, Stuttgart, M\u00fcnchen.<\/li>\n\n\n\n<li>1965 Ehrenb\u00fcrger der Stadt Kiel.<\/li>\n\n\n\n<li>1967 Er\u00f6ffnung des Br\u00fccke-Museums in Berlin mit den gro\u00dfen Nachl\u00e4ssen der Freunde Karl Schmidt-Rottluff und Erich Heckel.<\/li>\n\n\n\n<li>1968 Schlaganfall im Tessin.<\/li>\n\n\n\n<li>1970 Am 27. Januar stirbt Erich Heckel am Bodensee in Radolfzell.<\/li>\n<\/ul>\n\n\n\n<p><a href=\"http:\/\/www.erich-heckel.de\/\">http:\/\/www.erich-heckel.de\/<\/a><\/p>\n\n\n\n<p><\/p>\n","protected":false},"excerpt":{"rendered":"<p>Max Ernst Max Ernst (1891 &#8211; 1976) ist ein bedeutender Maler, Grafiker und Bildhauer deutscher Herkunft, dem 1948 die amerikanische und 1958 die franz\u00f6sische Staatsb\u00fcrgerschaft verliehen wurde. Ausf\u00fchrliche Biographie von Max Ernst Titel: NiecesTechnik: FarblithografieGr\u00f6\u00dfe: 45,7 x 45,7 cmEntstanden: 1966Auflage: &hellip; <\/p>\n","protected":false},"author":2,"featured_media":0,"parent":0,"menu_order":0,"comment_status":"closed","ping_status":"closed","template":"","meta":{"footnotes":""},"class_list":["post-562","page","type-page","status-publish","hentry"],"_links":{"self":[{"href":"https:\/\/cc4.de\/kunsthandel\/wp-json\/wp\/v2\/pages\/562","targetHints":{"allow":["GET"]}}],"collection":[{"href":"https:\/\/cc4.de\/kunsthandel\/wp-json\/wp\/v2\/pages"}],"about":[{"href":"https:\/\/cc4.de\/kunsthandel\/wp-json\/wp\/v2\/types\/page"}],"author":[{"embeddable":true,"href":"https:\/\/cc4.de\/kunsthandel\/wp-json\/wp\/v2\/users\/2"}],"replies":[{"embeddable":true,"href":"https:\/\/cc4.de\/kunsthandel\/wp-json\/wp\/v2\/comments?post=562"}],"version-history":[{"count":4,"href":"https:\/\/cc4.de\/kunsthandel\/wp-json\/wp\/v2\/pages\/562\/revisions"}],"predecessor-version":[{"id":1043,"href":"https:\/\/cc4.de\/kunsthandel\/wp-json\/wp\/v2\/pages\/562\/revisions\/1043"}],"wp:attachment":[{"href":"https:\/\/cc4.de\/kunsthandel\/wp-json\/wp\/v2\/media?parent=562"}],"curies":[{"name":"wp","href":"https:\/\/api.w.org\/{rel}","templated":true}]}}